{"id":3450,"date":"2025-03-24T17:53:00","date_gmt":"2025-03-24T16:53:00","guid":{"rendered":"https:\/\/www.recontersavie.com\/?post_type=product&#038;p=3450"},"modified":"2025-03-27T16:28:20","modified_gmt":"2025-03-27T15:28:20","slug":"lenceinte","status":"publish","type":"product","link":"http:\/\/www.recontersavie.com\/es\/producto\/lenceinte\/","title":{"rendered":"El Enceinte"},"content":{"rendered":"<p>Pr\u00f3ximo curso del 1 al 4 de julio de 2025<\/p>\n<p><em>En Saint-Paul-Trois-Ch\u00e2teaux, en la Dr\u00f4me (26)<\/em><\/p>","protected":false},"excerpt":{"rendered":"<p>Prochain stage du 1er au 4 juillet 2025 \u00c0 Saint-Paul-Trois-Ch\u00e2teaux dans la Dr\u00f4me (26)<\/p>","protected":false},"featured_media":0,"template":"","meta":[],"product_brand":[],"product_cat":[15],"product_tag":[],"class_list":{"0":"post-3450","1":"product","2":"type-product","3":"status-publish","5":"product_cat-non-classe","7":"first","8":"instock","9":"shipping-taxable","10":"purchasable","11":"product-type-simple"},"jetpack_sharing_enabled":true,"_links":{"self":[{"href":"http:\/\/www.recontersavie.com\/es\/wp-json\/wp\/v2\/product\/3450","targetHints":{"allow":["GET"]}}],"collection":[{"href":"http:\/\/www.recontersavie.com\/es\/wp-json\/wp\/v2\/product"}],"about":[{"href":"http:\/\/www.recontersavie.com\/es\/wp-json\/wp\/v2\/types\/product"}],"wp:attachment":[{"href":"http:\/\/www.recontersavie.com\/es\/wp-json\/wp\/v2\/media?parent=3450"}],"wp:term":[{"taxonomy":"product_brand","embeddable":true,"href":"http:\/\/www.recontersavie.com\/es\/wp-json\/wp\/v2\/product_brand?post=3450"},{"taxonomy":"product_cat","embeddable":true,"href":"http:\/\/www.recontersavie.com\/es\/wp-json\/wp\/v2\/product_cat?post=3450"},{"taxonomy":"product_tag","embeddable":true,"href":"http:\/\/www.recontersavie.com\/es\/wp-json\/wp\/v2\/product_tag?post=3450"}],"curies":[{"name":"wp","href":"https:\/\/api.w.org\/{rel}","templated":true}]}}