{"id":1067,"date":"2024-12-06T09:28:27","date_gmt":"2024-12-06T09:28:27","guid":{"rendered":"https:\/\/startersites.io\/elementor\/pottery\/?page_id=1067"},"modified":"2025-09-27T15:11:10","modified_gmt":"2025-09-27T13:11:10","slug":"a-propos","status":"publish","type":"page","link":"https:\/\/www.recontersavie.com\/es\/a-propos\/","title":{"rendered":"A prop\u00f3sito <br>de mi historia"},"content":{"rendered":"<div data-elementor-type=\"wp-page\" data-elementor-id=\"1067\" class=\"elementor elementor-1067\">\n\t\t\t\t<div class=\"elementor-element elementor-element-cce13b7 ct-hero e-flex e-con-boxed e-con e-parent\" data-id=\"cce13b7\" data-element_type=\"container\" data-settings=\"{&quot;background_background&quot;:&quot;classic&quot;}\">\n\t\t\t\t\t<div class=\"e-con-inner\">\n\t\t\t\t<div class=\"elementor-element elementor-element-528bd0a elementor-hidden-tablet elementor-hidden-mobile elementor-widget elementor-widget-shortcode\" data-id=\"528bd0a\" data-element_type=\"widget\" data-widget_type=\"shortcode.default\">\n\t\t\t\t<div class=\"elementor-widget-container\">\n\t\t\t\t\t\t\t<div class=\"elementor-shortcode\"><\/div>\n\t\t\t\t\t\t<\/div>\n\t\t\t\t<\/div>\n\t\t\t\t<div class=\"elementor-element elementor-element-47a23b2 elementor-widget elementor-widget-heading\" data-id=\"47a23b2\" data-element_type=\"widget\" data-widget_type=\"heading.default\">\n\t\t\t\t<div class=\"elementor-widget-container\">\n\t\t\t\t\t<h2 class=\"elementor-heading-title elementor-size-default\">A prop\u00f3sito <br>de mi historia<\/h2>\t\t\t\t<\/div>\n\t\t\t\t<\/div>\n\t\t\t\t\t<\/div>\n\t\t\t\t<\/div>\n\t\t<div class=\"elementor-element elementor-element-c23ad7a e-flex e-con-boxed e-con e-parent\" data-id=\"c23ad7a\" data-element_type=\"container\">\n\t\t\t\t\t<div class=\"e-con-inner\">\n\t\t<div class=\"elementor-element elementor-element-e858151 e-con-full e-flex e-con e-child\" data-id=\"e858151\" data-element_type=\"container\">\n\t\t\t\t<div class=\"elementor-element elementor-element-18b8d8e5 elementor-widget elementor-widget-text-editor\" data-id=\"18b8d8e5\" data-element_type=\"widget\" data-widget_type=\"text-editor.default\">\n\t\t\t\t<div class=\"elementor-widget-container\">\n\t\t\t\t\t\t\t\t\t<p><strong>Nacida en Laos en plena guerra,<\/strong>fui adoptada a la edad de 3 a\u00f1os por una familia francesa disfuncional a la que dej\u00e9 siendo a\u00fan muy joven. Supe que mis padres biol\u00f3gicos nunca dieron su consentimiento para que me enviaran a 7000 kil\u00f3metros de distancia. Nunca conoc\u00ed a mi madre, quien falleci\u00f3 antes de que yo regresara a mi tierra natal. Sin embargo, a mis 20 a\u00f1os me reencontr\u00e9 con mi padre biol\u00f3gico, siendo refugiado pol\u00edtico en los Estados Unidos, pero la alquimia no sucedi\u00f3.\u00a0<\/p><p class=\"translation-block\">Toda mi vida ha sido la <strong>b\u00fasqueda de mi identidad<\/strong>. Enredada en dos culturas, dos pa\u00edses, dos familias, entre otras vidas dobles, me he preguntado: <strong>\u00bfQui\u00e9n soy verdaderamente?<\/strong> Asimismo, <strong>\u00bfqui\u00e9n soy en el sentido de los comandos a los cuales estoy obedeciendo?<\/strong><\/p><p class=\"translation-block\">Mis numerosas misiones en diferentes agencias de las Naciones Unidas en Francia, as\u00ed como en el exterior, me han permitido conocer m\u00faltiples identidades coloreadas por historias de vida, culturas y entornos sociales de todo tipo. Comprendo, entonces, que <strong>no podemos fijar nuestra identidad<\/strong>, pues esta es multiforme y se encuentra en constante evoluci\u00f3n, tal como lo hace un caleidoscopio. En cuando al <strong>sentido que damos a nuestra vida, nos toca decidirlo paso a paso, a trav\u00e9s de nuestras elecciones y experiencias<\/strong>.<\/p>\t\t\t\t\t\t\t\t<\/div>\n\t\t\t\t<\/div>\n\t\t\t\t<\/div>\n\t\t<div class=\"elementor-element elementor-element-0d2ac24 e-con-full e-flex e-con e-child\" data-id=\"0d2ac24\" data-element_type=\"container\">\n\t\t\t\t<div class=\"elementor-element elementor-element-7f36f04 elementor-widget elementor-widget-image\" data-id=\"7f36f04\" data-element_type=\"widget\" data-widget_type=\"image.default\">\n\t\t\t\t<div class=\"elementor-widget-container\">\n\t\t\t\t\t\t\t\t\t\t\t\t\t\t\t<img fetchpriority=\"high\" decoding=\"async\" width=\"604\" height=\"497\" src=\"http:\/\/www.recontersavie.com\/wp-content\/uploads\/2025\/03\/photo-kim.jpg\" class=\"attachment-large size-large wp-image-3301\" alt=\"\" srcset=\"http:\/\/www.recontersavie.com\/wp-content\/uploads\/2025\/03\/photo-kim.jpg 604w, http:\/\/www.recontersavie.com\/wp-content\/uploads\/2025\/03\/photo-kim-300x247.jpg 300w\" sizes=\"(max-width: 604px) 100vw, 604px\" \/>\t\t\t\t\t\t\t\t\t\t\t\t\t\t\t<\/div>\n\t\t\t\t<\/div>\n\t\t\t\t<\/div>\n\t\t<div class=\"elementor-element elementor-element-46e1874 e-con-full e-flex e-con e-child\" data-id=\"46e1874\" data-element_type=\"container\">\n\t\t\t\t<div class=\"elementor-element elementor-element-33ad47f elementor-widget elementor-widget-text-editor\" data-id=\"33ad47f\" data-element_type=\"widget\" data-widget_type=\"text-editor.default\">\n\t\t\t\t<div class=\"elementor-widget-container\">\n\t\t\t\t\t\t\t\t\t<p>Mi b\u00fasqueda permanente de identidad me ha conducido a desarrollar una gran curiosidad por muchos \u00e1mbitos, en particular la filosof\u00eda, los cuentos, la mitolog\u00eda y todo lo referente al s\u00edmbolo. Todos esos personajes que encuentro en el mundo del s\u00edmbolo me animan, no a contar mi historia, sino a volver a\u00a0 <strong>Narrar mi vida<\/strong>.<\/p><p class=\"translation-block\">En la d\u00e9cada del 2000 descubr\u00ed el Referencial de Nacimiento\u00ae (herramienta de auto exploraci\u00f3n por medio del s\u00edmbolo) y por consiguiente a su creador, Georges, Colleuil. Con \u00e9l creamos la <strong>Escuela Internacional del Referencial de Nacimiento\u00ae<\/strong>, de la cual fui la directora. Durante 10 a\u00f1os trabaj\u00e9 a su lado para hacer que la Escuela Internacional evolucionara, estructurando la formaci\u00f3n en el Referencial de Nacimiento e iniciando nuevas \u00e1reas de investigaci\u00f3n acerca del s\u00edmbolo.<\/p><p class=\"translation-block\">Paralelamente, hice la formaci\u00f3n de <strong>Questiologie\u00ae<\/strong> (el arte de hacer preguntas) con su creador Fr\u00e9d\u00e9ric Falisse, que se centra en <strong>Nuevas pr\u00e1cticas filos\u00f3ficas<\/strong>, el <strong>teatro<\/strong>, el <strong>arte de contar<\/strong> y las <strong>Pr\u00e1cticas narrativas<\/strong>. En una b\u00fasqueda constante de nuevas pistas que nos aproximen al coraz\u00f3n de nuestra identidad, hoy les propongo acompa\u00f1arme por los caminos que ya he recorrido, para continuar con ustedes este viaje a trav\u00e9s de cursos y talleres que imparto como formadora y practicante certificada.<\/p>\t\t\t\t\t\t\t\t<\/div>\n\t\t\t\t<\/div>\n\t\t\t\t<\/div>\n\t\t\t\t\t<\/div>\n\t\t\t\t<\/div>\n\t\t<div class=\"elementor-element elementor-element-717d347 e-flex e-con-boxed e-con e-parent\" data-id=\"717d347\" data-element_type=\"container\">\n\t\t\t\t\t<div class=\"e-con-inner\">\n\t\t<div class=\"elementor-element elementor-element-dbe2bb5 e-con-full e-flex e-con e-child\" data-id=\"dbe2bb5\" data-element_type=\"container\">\n\t\t\t\t<div class=\"elementor-element elementor-element-f43508b elementor-widget-divider--view-line elementor-widget elementor-widget-divider\" data-id=\"f43508b\" data-element_type=\"widget\" data-widget_type=\"divider.default\">\n\t\t\t\t<div class=\"elementor-widget-container\">\n\t\t\t\t\t\t\t<div class=\"elementor-divider\">\n\t\t\t<span class=\"elementor-divider-separator\">\n\t\t\t\t\t\t<\/span>\n\t\t<\/div>\n\t\t\t\t\t\t<\/div>\n\t\t\t\t<\/div>\n\t\t\t\t<\/div>\n\t\t<div class=\"elementor-element elementor-element-d7253df e-con-full e-flex e-con e-child\" data-id=\"d7253df\" data-element_type=\"container\">\n\t\t\t\t<div class=\"elementor-element elementor-element-3b9ef43 elementor-widget elementor-widget-heading\" data-id=\"3b9ef43\" data-element_type=\"widget\" data-widget_type=\"heading.default\">\n\t\t\t\t<div class=\"elementor-widget-container\">\n\t\t\t\t\t<h2 class=\"elementor-heading-title elementor-size-default\">Mis valores<\/h2>\t\t\t\t<\/div>\n\t\t\t\t<\/div>\n\t\t\t\t<\/div>\n\t\t<div class=\"elementor-element elementor-element-99ce4ce e-con-full e-flex e-con e-child\" data-id=\"99ce4ce\" data-element_type=\"container\">\n\t\t\t\t<div class=\"elementor-element elementor-element-e48fb68 elementor-widget-divider--view-line elementor-widget elementor-widget-divider\" data-id=\"e48fb68\" data-element_type=\"widget\" data-widget_type=\"divider.default\">\n\t\t\t\t<div class=\"elementor-widget-container\">\n\t\t\t\t\t\t\t<div class=\"elementor-divider\">\n\t\t\t<span class=\"elementor-divider-separator\">\n\t\t\t\t\t\t<\/span>\n\t\t<\/div>\n\t\t\t\t\t\t<\/div>\n\t\t\t\t<\/div>\n\t\t\t\t<\/div>\n\t\t\t\t\t<\/div>\n\t\t\t\t<\/div>\n\t\t<div class=\"elementor-element elementor-element-d310b41 e-flex e-con-boxed e-con e-parent\" data-id=\"d310b41\" data-element_type=\"container\">\n\t\t\t\t\t<div class=\"e-con-inner\">\n\t\t<div class=\"elementor-element elementor-element-80f7894 e-con-full e-flex e-con e-child\" data-id=\"80f7894\" data-element_type=\"container\" data-settings=\"{&quot;background_background&quot;:&quot;classic&quot;}\">\n\t\t\t\t<div class=\"elementor-element elementor-element-e551b45 elementor-widget elementor-widget-icon-box\" data-id=\"e551b45\" data-element_type=\"widget\" data-widget_type=\"icon-box.default\">\n\t\t\t\t<div class=\"elementor-widget-container\">\n\t\t\t\t\t\t\t<div class=\"elementor-icon-box-wrapper\">\n\n\t\t\t\n\t\t\t\t\t\t<div class=\"elementor-icon-box-content\">\n\n\t\t\t\t\t\t\t\t\t<h3 class=\"elementor-icon-box-title\">\n\t\t\t\t\t\t<span  >\n\t\t\t\t\t\t\tRESPETO \t\t\t\t\t\t<\/span>\n\t\t\t\t\t<\/h3>\n\t\t\t\t\n\t\t\t\t\t\t\t\t\t<p class=\"elementor-icon-box-description\">\n\t\t\t\t\t\ty dar la bienvenida a todos <br>y su historia.\t\t\t\t\t<\/p>\n\t\t\t\t\n\t\t\t<\/div>\n\t\t\t\n\t\t<\/div>\n\t\t\t\t\t\t<\/div>\n\t\t\t\t<\/div>\n\t\t\t\t<\/div>\n\t\t<div class=\"elementor-element elementor-element-b685a5c e-con-full e-flex e-con e-child\" data-id=\"b685a5c\" data-element_type=\"container\" data-settings=\"{&quot;background_background&quot;:&quot;classic&quot;}\">\n\t\t\t\t<div class=\"elementor-element elementor-element-1acc90a elementor-widget elementor-widget-icon-box\" data-id=\"1acc90a\" data-element_type=\"widget\" data-widget_type=\"icon-box.default\">\n\t\t\t\t<div class=\"elementor-widget-container\">\n\t\t\t\t\t\t\t<div class=\"elementor-icon-box-wrapper\">\n\n\t\t\t\n\t\t\t\t\t\t<div class=\"elementor-icon-box-content\">\n\n\t\t\t\t\t\t\t\t\t<h3 class=\"elementor-icon-box-title\">\n\t\t\t\t\t\t<span  >\n\t\t\t\t\t\t\tRIGOUR \t\t\t\t\t\t<\/span>\n\t\t\t\t\t<\/h3>\n\t\t\t\t\n\t\t\t\t\t\t\t\t\t<p class=\"elementor-icon-box-description\">\n\t\t\t\t\t\te integridad en la transmisi\u00f3n<br>conocimientos t\u00e9cnicos y habilidades interpersonales <br>en todos mis cursos de formaci\u00f3n.\t\t\t\t\t<\/p>\n\t\t\t\t\n\t\t\t<\/div>\n\t\t\t\n\t\t<\/div>\n\t\t\t\t\t\t<\/div>\n\t\t\t\t<\/div>\n\t\t\t\t<\/div>\n\t\t<div class=\"elementor-element elementor-element-36c75c0 e-con-full e-flex e-con e-child\" data-id=\"36c75c0\" data-element_type=\"container\" data-settings=\"{&quot;background_background&quot;:&quot;classic&quot;}\">\n\t\t\t\t<div class=\"elementor-element elementor-element-68df440 elementor-widget elementor-widget-icon-box\" data-id=\"68df440\" data-element_type=\"widget\" data-widget_type=\"icon-box.default\">\n\t\t\t\t<div class=\"elementor-widget-container\">\n\t\t\t\t\t\t\t<div class=\"elementor-icon-box-wrapper\">\n\n\t\t\t\n\t\t\t\t\t\t<div class=\"elementor-icon-box-content\">\n\n\t\t\t\t\t\t\t\t\t<h3 class=\"elementor-icon-box-title\">\n\t\t\t\t\t\t<span  >\n\t\t\t\t\t\t\tCOMPARTIR\t\t\t\t\t\t<\/span>\n\t\t\t\t\t<\/h3>\n\t\t\t\t\n\t\t\t\t\t\t\t\t\t<p class=\"elementor-icon-box-description\">\n\t\t\t\t\t\ty colaboraci\u00f3n para mejorar <br>la expresi\u00f3n creativa de cada individuo <br>en un clima de confianza.\t\t\t\t\t<\/p>\n\t\t\t\t\n\t\t\t<\/div>\n\t\t\t\n\t\t<\/div>\n\t\t\t\t\t\t<\/div>\n\t\t\t\t<\/div>\n\t\t\t\t<\/div>\n\t\t\t\t\t<\/div>\n\t\t\t\t<\/div>\n\t\t<div class=\"elementor-element elementor-element-620d354 e-flex e-con-boxed e-con e-parent\" data-id=\"620d354\" data-element_type=\"container\" data-settings=\"{&quot;background_background&quot;:&quot;classic&quot;}\">\n\t\t\t\t\t<div class=\"e-con-inner\">\n\t\t<div class=\"elementor-element elementor-element-c5d26a5 e-con-full elementor-hidden-tablet elementor-hidden-mobile e-flex e-con e-child\" data-id=\"c5d26a5\" data-element_type=\"container\">\n\t\t\t\t<\/div>\n\t\t<div class=\"elementor-element elementor-element-f4a7857 e-con-full e-flex e-con e-child\" data-id=\"f4a7857\" data-element_type=\"container\">\n\t\t\t\t<div class=\"elementor-element elementor-element-4e3f751b elementor-widget elementor-widget-text-editor\" data-id=\"4e3f751b\" data-element_type=\"widget\" data-widget_type=\"text-editor.default\">\n\t\t\t\t<div class=\"elementor-widget-container\">\n\t\t\t\t\t\t\t\t\t<p><strong><span style=\"color: #eb5624;\">Formadora certificada<\/span><\/strong> para adultos, ahora me gustar\u00eda compartir mis conocimientos, mi experiencia y, sobre todo, mi convicci\u00f3n de que puedes reescribir tu vida reescribiendo el gui\u00f3n de tu vida y convertirte as\u00ed en el libre creador de tu propia existencia.<\/p>\t\t\t\t\t\t\t\t<\/div>\n\t\t\t\t<\/div>\n\t\t\t\t<\/div>\n\t\t<div class=\"elementor-element elementor-element-8fa46e9 e-con-full e-flex e-con e-child\" data-id=\"8fa46e9\" data-element_type=\"container\">\n\t\t\t\t<div class=\"elementor-element elementor-element-241e224 elementor-widget elementor-widget-text-editor\" data-id=\"241e224\" data-element_type=\"widget\" data-widget_type=\"text-editor.default\">\n\t\t\t\t<div class=\"elementor-widget-container\">\n\t\t\t\t\t\t\t\t\t<p><strong><span style=\"color: #eb5624;\">Practicante de Referencial de Nacimiento\u00ae, Questiologie\u00ae y Pr\u00e1cticas narrativas\u00ae.<\/span><\/strong>Te acompa\u00f1o de forma individual. Durante este viaje hacia ti mismo, soy tu compa\u00f1ero de viaje. Juntos, buscamos nuevas formas de evolucionar.<\/p>\t\t\t\t\t\t\t\t<\/div>\n\t\t\t\t<\/div>\n\t\t\t\t<\/div>\n\t\t\t\t\t<\/div>\n\t\t\t\t<\/div>\n\t\t<div class=\"elementor-element elementor-element-3bfda660 e-flex e-con-boxed e-con e-parent\" data-id=\"3bfda660\" data-element_type=\"container\">\n\t\t\t\t\t<div class=\"e-con-inner\">\n\t\t<div class=\"elementor-element elementor-element-55ef915d e-con-full e-flex e-con e-child\" data-id=\"55ef915d\" data-element_type=\"container\">\n\t\t\t\t<div class=\"elementor-element elementor-element-63b25279 elementor-widget-divider--view-line elementor-widget elementor-widget-divider\" data-id=\"63b25279\" data-element_type=\"widget\" data-widget_type=\"divider.default\">\n\t\t\t\t<div class=\"elementor-widget-container\">\n\t\t\t\t\t\t\t<div class=\"elementor-divider\">\n\t\t\t<span class=\"elementor-divider-separator\">\n\t\t\t\t\t\t<\/span>\n\t\t<\/div>\n\t\t\t\t\t\t<\/div>\n\t\t\t\t<\/div>\n\t\t\t\t<\/div>\n\t\t<div class=\"elementor-element elementor-element-7ababe7 e-con-full e-flex e-con e-child\" data-id=\"7ababe7\" data-element_type=\"container\">\n\t\t\t\t<div class=\"elementor-element elementor-element-2fee17da elementor-widget elementor-widget-heading\" data-id=\"2fee17da\" data-element_type=\"widget\" data-widget_type=\"heading.default\">\n\t\t\t\t<div class=\"elementor-widget-container\">\n\t\t\t\t\t<h2 class=\"elementor-heading-title elementor-size-default\">Testimonios<\/h2>\t\t\t\t<\/div>\n\t\t\t\t<\/div>\n\t\t\t\t<\/div>\n\t\t<div class=\"elementor-element elementor-element-1d026390 e-con-full e-flex e-con e-child\" data-id=\"1d026390\" data-element_type=\"container\">\n\t\t\t\t<div class=\"elementor-element elementor-element-31992a87 elementor-widget-divider--view-line elementor-widget elementor-widget-divider\" data-id=\"31992a87\" data-element_type=\"widget\" data-widget_type=\"divider.default\">\n\t\t\t\t<div class=\"elementor-widget-container\">\n\t\t\t\t\t\t\t<div class=\"elementor-divider\">\n\t\t\t<span class=\"elementor-divider-separator\">\n\t\t\t\t\t\t<\/span>\n\t\t<\/div>\n\t\t\t\t\t\t<\/div>\n\t\t\t\t<\/div>\n\t\t\t\t<\/div>\n\t\t\t\t\t<\/div>\n\t\t\t\t<\/div>\n\t\t<div class=\"elementor-element elementor-element-611e197 e-flex e-con-boxed e-con e-parent\" data-id=\"611e197\" data-element_type=\"container\">\n\t\t\t\t\t<div class=\"e-con-inner\">\n\t\t\t\t<div class=\"elementor-element elementor-element-3b052a2 elementor-widget elementor-widget-shortcode\" data-id=\"3b052a2\" data-element_type=\"widget\" data-widget_type=\"shortcode.default\">\n\t\t\t\t<div class=\"elementor-widget-container\">\n\t\t\t\t\t\t\t<div class=\"elementor-shortcode\"><div class=\"strong-view strong-view-id-1 default wpmtst-default slider-container slider-mode-fade slider-adaptive controls-type-sides controls-style-buttons pager-type-full pager-style-text nav-position-outside\" data-count=\"8\" data-slider-var=\"strong_slider_id_1\" data-state=\"idle\"><div class=\"strong-content wpmslider-content\"><div class=\"wpmtst-testimonial testimonial t-slide post-2032\"><div class=\"wpmtst-testimonial-inner testimonial-inner\"><h3 class=\"wpmtst-testimonial-heading testimonial-heading\">Maryline<\/h3><div data-infinite-loop=\"false\"   class=\"wpmtst-testimonial-content testimonial-content\"><div class=\"maybe-clear\"><\/div><p>Durante 4 d\u00edas, particip\u00e9 en el curso de formaci\u00f3n: Formaci\u00f3n para la Consulta del Referencial de Nacimiento Escuala Latino Americana .<br \/>\nQuisiera agradecer a los Embajadores de Costa Rica, M\u00e9xico y Bogot\u00e1 su calurosa acogida.<br \/>\nGracias Esperanza Ni\u00f1o por tus traducciones y tus vivas interpretaciones.<br \/>\nUn pensamiento especial para Kim Ribout:<br \/>\nGracias por la finura de tu mente, la calidez de tus palabras y la sabidur\u00eda de tu coraz\u00f3n.<br \/>\nKim, est\u00e1s dando a esta Herramienta Humanista y a su fundador todas sus cartas de Nobleza, la que alimenta el deseo de salir al encuentro de uno mismo.<\/p><\/div><div class=\"wpmtst-testimonial-field testimonial-field\">Capacitaci\u00f3nes<\/div><div class=\"clear\"><\/div><\/div><\/div><div class=\"wpmtst-testimonial testimonial t-slide post-2030\"><div class=\"wpmtst-testimonial-inner testimonial-inner\"><h3 class=\"wpmtst-testimonial-heading testimonial-heading\">Laurence<\/h3><div data-infinite-loop=\"false\"   class=\"wpmtst-testimonial-content testimonial-content\"><div class=\"maybe-clear\"><\/div><p>Querida Kim,<br \/>\nGracias por tu amable y generosa presencia, eres un gran maestro.<\/p><\/div><div class=\"wpmtst-testimonial-field testimonial-field\">Capacitaci\u00f3nes<\/div><div class=\"clear\"><\/div><\/div><\/div><div class=\"wpmtst-testimonial testimonial t-slide post-2028\"><div class=\"wpmtst-testimonial-inner testimonial-inner\"><h3 class=\"wpmtst-testimonial-heading testimonial-heading\">Christelle<\/h3><div data-infinite-loop=\"false\"   class=\"wpmtst-testimonial-content testimonial-content\"><div class=\"maybe-clear\"><\/div><p>Y por lo de ayer, gracias tambi\u00e9n. Me gust\u00f3 mucho c\u00f3mo dirigiste la reuni\u00f3n. No fue un ejercicio f\u00e1cil, con tantas expectativas diferentes por parte de los participantes. Me pareci\u00f3 que respondi\u00f3 con mucho tacto. Y fue una sesi\u00f3n muy instructiva.<\/p><\/div><div class=\"wpmtst-testimonial-field testimonial-field\">Capacitaci\u00f3nes<\/div><div class=\"clear\"><\/div><\/div><\/div><div class=\"wpmtst-testimonial testimonial t-slide post-2027\"><div class=\"wpmtst-testimonial-inner testimonial-inner\"><h3 class=\"wpmtst-testimonial-heading testimonial-heading\">Sophie<\/h3><div data-infinite-loop=\"false\"   class=\"wpmtst-testimonial-content testimonial-content\"><div class=\"maybe-clear\"><\/div><p>Este taller es una revoluci\u00f3n para m\u00ed. Estoy muy contenta de haber decidido participar.<br \/>\nCreo que volver\u00e9 a participar, porque el arte de cuestionar, los presupuestos y el lenguaje de las zonas necesitan mucha pr\u00e1ctica antes de convertirse en un reflejo.<br \/>\nY, para m\u00ed, todos estos elementos son esenciales para el profesional del Referencial.<br \/>\nMuchas gracias a Kim por desarrollar este m\u00f3dulo.<\/p><\/div><div class=\"wpmtst-testimonial-field testimonial-field\">Capacitaci\u00f3nes<\/div><div class=\"clear\"><\/div><\/div><\/div><div class=\"wpmtst-testimonial testimonial t-slide post-2026\"><div class=\"wpmtst-testimonial-inner testimonial-inner\"><h3 class=\"wpmtst-testimonial-heading testimonial-heading\">Anne-Marie<\/h3><div data-infinite-loop=\"false\"   class=\"wpmtst-testimonial-content testimonial-content\"><div class=\"maybe-clear\"><\/div><p>S\u00ed Kim, ya lo he seguido contigo y me ha gustado mucho. La diversidad de las personas y los retos a los que se enfrentan es una rica fuente de preguntas y aprendizaje (con tu visi\u00f3n de los diferentes caminos que nos permiten progresar). Y cada vez es diferente. Me parece muy instructivo...<br \/>\nQue tenga un buen d\u00eda y hasta pronto.<\/p><\/div><div class=\"wpmtst-testimonial-field testimonial-field\">Capacitaci\u00f3nes<\/div><div class=\"clear\"><\/div><\/div><\/div><div class=\"wpmtst-testimonial testimonial t-slide post-2029\"><div class=\"wpmtst-testimonial-inner testimonial-inner\"><h3 class=\"wpmtst-testimonial-heading testimonial-heading\">Anabelle (Costa Rica)<\/h3><div data-infinite-loop=\"false\"   class=\"wpmtst-testimonial-content testimonial-content\"><div class=\"maybe-clear\"><\/div><p>Mi querida Kim,<br \/>\nQuiero que sepas que cuando no apareces, la gente de aqu\u00ed me escribe para pedirte que vengas. Yo tambi\u00e9n lamento siempre tu ausencia, tus aportaciones son oro puro. Sinceramente, creo que deber\u00edamos hacer esta formaci\u00f3n contigo varias veces.<\/p><\/div><div class=\"wpmtst-testimonial-field testimonial-field\">Capacitaci\u00f3nes<\/div><div class=\"clear\"><\/div><\/div><\/div><div class=\"wpmtst-testimonial testimonial t-slide post-2033\"><div class=\"wpmtst-testimonial-inner testimonial-inner\"><h3 class=\"wpmtst-testimonial-heading testimonial-heading\">Maria Isabel (Colombia)<\/h3><div data-infinite-loop=\"false\"   class=\"wpmtst-testimonial-content testimonial-content\"><div class=\"maybe-clear\"><\/div><p>Querida Kim,<br \/>\nMuchas gracias. Todo lo que me has dado es muy importante para m\u00ed. Espero poder seguir por este camino y encontrar la luz dentro de m\u00ed.<br \/>\nGracias de nuevo por su tiempo.<\/p><\/div><div class=\"wpmtst-testimonial-field testimonial-field\">Consultas<\/div><div class=\"clear\"><\/div><\/div><\/div><div class=\"wpmtst-testimonial testimonial t-slide post-2025\"><div class=\"wpmtst-testimonial-inner testimonial-inner\"><h3 class=\"wpmtst-testimonial-heading testimonial-heading\">Serge<\/h3><div data-infinite-loop=\"false\"   class=\"wpmtst-testimonial-content testimonial-content\"><div class=\"maybe-clear\"><\/div><p>Hola Kim,<br \/>\nGracias por su correo electr\u00f3nico y los archivos adjuntos.<br \/>\nMuchas gracias tambi\u00e9n por su formaci\u00f3n;<br \/>\nMe enriqueci\u00f3 mucho y el intercambio entre nosotros estuvo lleno de humanismo.<br \/>\nSaludos cordiales.<\/p><\/div><div class=\"wpmtst-testimonial-field testimonial-field\">Capacitaci\u00f3nes<\/div><div class=\"clear\"><\/div><\/div><\/div><\/div><\/div><\/div>\n\t\t\t\t\t\t<\/div>\n\t\t\t\t<\/div>\n\t\t\t\t\t<\/div>\n\t\t\t\t<\/div>\n\t\t\t\t<\/div>","protected":false},"excerpt":{"rendered":"<p>A propos N\u00e9e au Laos en pleine guerre, adopt\u00e9e \u00e0 l\u2019\u00e2ge de 3 ans par une famille fran\u00e7aise dysfonctionnelle que je quitte tr\u00e8s jeune, j\u2019apprends que mes parents biologiques n\u2019ont jamais donn\u00e9 leur accord pour que l\u2019on m\u2019envoie \u00e0 7000 kms de chez eux. Je ne conna\u00eetrai jamais ma m\u00e8re naturelle qui d\u00e9c\u00e8dera avant que [&hellip;]<\/p>","protected":false},"author":1,"featured_media":0,"parent":0,"menu_order":0,"comment_status":"closed","ping_status":"closed","template":"","meta":{"footnotes":""},"class_list":["post-1067","page","type-page","status-publish","hentry"],"blocksy_meta":{"has_hero_section":"disabled","vertical_spacing_source":"custom","content_area_spacing":"none","styles_descriptor":{"styles":{"desktop":"","tablet":"","mobile":""},"google_fonts":[],"version":6}},"jetpack_sharing_enabled":true,"_links":{"self":[{"href":"https:\/\/www.recontersavie.com\/es\/wp-json\/wp\/v2\/pages\/1067","targetHints":{"allow":["GET"]}}],"collection":[{"href":"https:\/\/www.recontersavie.com\/es\/wp-json\/wp\/v2\/pages"}],"about":[{"href":"https:\/\/www.recontersavie.com\/es\/wp-json\/wp\/v2\/types\/page"}],"author":[{"embeddable":true,"href":"https:\/\/www.recontersavie.com\/es\/wp-json\/wp\/v2\/users\/1"}],"replies":[{"embeddable":true,"href":"https:\/\/www.recontersavie.com\/es\/wp-json\/wp\/v2\/comments?post=1067"}],"version-history":[{"count":89,"href":"https:\/\/www.recontersavie.com\/es\/wp-json\/wp\/v2\/pages\/1067\/revisions"}],"predecessor-version":[{"id":4516,"href":"https:\/\/www.recontersavie.com\/es\/wp-json\/wp\/v2\/pages\/1067\/revisions\/4516"}],"wp:attachment":[{"href":"https:\/\/www.recontersavie.com\/es\/wp-json\/wp\/v2\/media?parent=1067"}],"curies":[{"name":"wp","href":"https:\/\/api.w.org\/{rel}","templated":true}]}}