{"id":1504,"date":"2024-12-06T08:59:37","date_gmt":"2024-12-06T08:59:37","guid":{"rendered":"https:\/\/startersites.io\/elementor\/pottery\/?page_id=3"},"modified":"2025-05-15T13:56:01","modified_gmt":"2025-05-15T11:56:01","slug":"privacy-policy","status":"publish","type":"page","link":"https:\/\/www.recontersavie.com\/es\/privacy-policy\/","title":{"rendered":"Condiciones generales de venta"},"content":{"rendered":"<h2 class=\"wp-block-heading\"><strong>PRE\u00c1MBULO<\/strong><\/h2>\n\n\n\n<p>RECONTER SA VIE es un organismo de formaci\u00f3n especializado en el desarrollo de competencias personales y sociales mediante s\u00edmbolos. Est\u00e1 dirigida por la Sra. Laurence Ribout y su sede social se encuentra en: 17 rue Maurice Berteaux - 95360 Montmagny (F)<\/p>\n\n\n\n<p>RECONTER SA VIE est\u00e1 registrada en la DIRECCTE Ile-de-France con el n\u00famero 11950779395.<\/p>\n\n\n\n<p>RECONTER SA VIE dise\u00f1a, desarrolla e imparte cursos de formaci\u00f3n interempresas e intraempresas en Par\u00eds y en toda Francia, as\u00ed como a escala internacional, solo o en colaboraci\u00f3n.<\/p>\n\n\n\n<p>En aplicaci\u00f3n de los art\u00edculos L.6352-3, L.6352-4 y R.6352-1 a R.6352-8 del C\u00f3digo del Trabajo franc\u00e9s, las presentes condiciones generales de venta se aplican a todos los alumnos durante la duraci\u00f3n de la formaci\u00f3n. Tienen por objeto precisar algunas disposiciones aplicables a los cursos de formaci\u00f3n organizados por RECONTER SA VIE con el fin de garantizar su buen desarrollo.<\/p>\n\n\n\n<p>En los p\u00e1rrafos siguientes, se acuerda hacer referencia a :<\/p>\n\n\n\n<p>-&nbsp;<strong>C<\/strong><strong>enlace<\/strong><strong>(e)<\/strong><strong>&nbsp;<\/strong><strong>:<\/strong>&nbsp;cualquier persona f\u00edsica o jur\u00eddica que se inscriba en RECONTER SA VIE o realice un pedido de formaci\u00f3n;<\/p>\n\n\n\n<p>-&nbsp;<strong>A<\/strong><strong>pprenant<\/strong><strong>(e)<\/strong><strong>&nbsp;<\/strong><strong>:<\/strong>&nbsp;la persona f\u00edsica que participe en un curso de formaci\u00f3n ;<\/p>\n\n\n\n<p>-&nbsp;<strong>formaci\u00f3n entre empresas :<\/strong>&nbsp;cursos de formaci\u00f3n registrados en el sitio web RECONTER SA VIE y que re\u00fanen a alumnos de diferentes organizaciones;<\/p>\n\n\n\n<p>-&nbsp;<strong>formaci\u00f3n en la empresa<\/strong><strong>&nbsp;<\/strong><strong>:<\/strong>&nbsp;cursos de formaci\u00f3n personalizados por RECONTER SA VIE por cuenta de un cliente o de un grupo de clientes;<\/p>\n\n\n\n<p>-&nbsp;<strong>empresa de formaci\u00f3n<\/strong><strong>&nbsp;<\/strong><strong>:&nbsp;<\/strong>RECUPERA TU VIDA;<\/p>\n\n\n\n<p>-&nbsp;<strong>directo<\/strong><strong>arroz&nbsp;<\/strong><strong>:<\/strong>&nbsp;el jefe de la organizaci\u00f3n de formaci\u00f3n ;<\/p>\n\n\n\n<p>-&nbsp;<strong>jefe de formaci\u00f3n<\/strong><strong>&nbsp;<\/strong><strong>:<\/strong>&nbsp;la persona encargada del seguimiento administrativo de los cursos de formaci\u00f3n.<\/p>\n\n\n\n<h2 class=\"wp-block-heading\"><strong>ART\u00cdCULO 1 - ACEPTACI\u00d3N DE LAS CONDICIONES GENERALES DE VENTA<\/strong><\/h2>\n\n\n\n<p>Las presentes condiciones generales de venta se aplican a todos los servicios de formaci\u00f3n prestados por RECONTER SA VIE por cuenta de un Cliente o Alumno. El hecho de inscribirse por Internet o mediante un formulario de inscripci\u00f3n en papel, o de realizar un pedido, implica la aceptaci\u00f3n plena y sin reservas por parte del Cliente o del Alumno de las presentes condiciones generales de venta. Las presentes condiciones generales de venta prevalecen sobre cualquier otro documento del Cliente y del Alumno y, en particular, sobre las condiciones generales de compra del Cliente.<\/p>\n\n\n\n<h2 class=\"wp-block-heading\"><strong>ART\u00cdCULO 2 - CONTENIDO DEL CURSO<\/strong><\/h2>\n\n\n\n<p><strong>2.1.<\/strong>&nbsp;El contenido del curso se describe en las fichas de presentaci\u00f3n del sitio web.&nbsp;<a href=\"http:\/\/www.recontersavie.com\/es\/\">www.recontersavie.com<\/a><\/p>\n\n\n\n<p><strong>2.2.<\/strong>&nbsp;Durante el curso, algunas de las actividades propuestas podr\u00e1n adaptarse o modificarse en funci\u00f3n de la actualidad, el nivel de los participantes o la din\u00e1mica del grupo. El Cliente o Alumno no tendr\u00e1 derecho a reclamar ninguna compensaci\u00f3n a este respecto.<\/p>\n\n\n\n<h2 class=\"wp-block-heading\"><strong>ART\u00cdCULO 3 - TAMA\u00d1O DEL GRUPO<\/strong><\/h2>\n\n\n\n<p><strong>3.1.<\/strong>&nbsp;Para garantizar las mejores condiciones de aprendizaje posibles, el n\u00famero de participantes en cada curso es limitado. La emisi\u00f3n de un presupuesto no constituye una inscripci\u00f3n. Una vez alcanzado el n\u00famero de alumnos, se cierra la inscripci\u00f3n. RECONTER SA VIE podr\u00e1 entonces ofrecer al Alumno la posibilidad de participar en una nueva sesi\u00f3n o de inscribirse en una lista de espera.<\/p>\n\n\n\n<p>Si no se alcanza este n\u00famero 10 d\u00edas naturales antes de la fecha prevista para el curso, se acuerda expresamente que RECONTER SA VIE no estar\u00e1 obligada a mantener el curso. Las cantidades cobradas ser\u00e1n devueltas a los participantes o trasladadas a otra fecha u otro curso.<\/p>\n\n\n\n<h2 class=\"wp-block-heading\"><strong>ART\u00cdCULO 4 - RESERVA - FECHAS<\/strong><\/h2>\n\n\n\n<p><strong>4.1.<\/strong>&nbsp;Las inscripciones se tienen en cuenta por orden de recepci\u00f3n. La inscripci\u00f3n en un curso s\u00f3lo ser\u00e1 v\u00e1lida una vez recibido el pago \u00edntegro del mismo.<\/p>\n\n\n\n<p><strong>4.2.<\/strong>&nbsp;Si el n\u00famero de participantes es demasiado elevado para un curso, RECONTER SA VIE ofrecer\u00e1 transferir la inscripci\u00f3n a una lista de espera o a otro curso (otras fechas y\/o otro tema).<\/p>\n\n\n\n<h2 class=\"wp-block-heading\"><strong>ART\u00cdCULO 5 - CONDICIONES FINANCIERAS, PAGOS Y PLAZOS DE PAGO<\/strong><\/h2>\n\n\n\n<p><strong>5.1.<\/strong>&nbsp;<strong>Precios de los cursos<\/strong><strong>&nbsp;<\/strong><strong>:<\/strong>&nbsp;IVA no aplicable en virtud del art\u00edculo 261.4.4 del C\u00f3digo General de Impuestos.<\/p>\n\n\n\n<p><strong>5.2.<\/strong>&nbsp;Cada curso debe abonarse en su totalidad antes de la fecha del curso. En caso contrario, se denegar\u00e1 al alumno el acceso al aula o a la plataforma en l\u00ednea.&nbsp;<\/p>\n\n\n\n<p><strong>5.<\/strong><strong>3<\/strong><strong>.<\/strong>&nbsp;En casos excepcionales, el pago podr\u00e1 fraccionarse. En todos los casos, estos acuerdos deber\u00e1n formalizarse antes del inicio del curso.<\/p>\n\n\n\n<p><strong>5.<\/strong><strong>4<\/strong><strong>.<\/strong>&nbsp;Los precios indicados para los cursos presenciales no incluyen los gastos de alojamiento y manutenci\u00f3n. Para algunos cursos, puede ofrecerse un paquete de media pensi\u00f3n o pensi\u00f3n completa con un coste adicional, en cuyo caso debe abonarse aparte del curso. En las descripciones de los cursos figuran todos los detalles.<\/p>\n\n\n\n<h2 class=\"wp-block-heading\"><strong>ART\u00cdCULO 6 - CONDICIONES DE ANULACI\u00d3N<\/strong><\/h2>\n\n\n\n<p><strong>6.1.<\/strong>&nbsp;<strong>Anulaci\u00f3n por&nbsp;<\/strong><strong>RECUPERA TU VIDA<\/strong><\/p>\n\n\n\n<p>En el marco de sus prestaciones de formaci\u00f3n, RECONTER SA VIE tiene una obligaci\u00f3n de medios y no de resultados frente a sus Clientes o sus Alumnos. RECONTER SA VIE no podr\u00e1 ser considerada responsable frente a sus Clientes o sus Alumnos en caso de incumplimiento de sus obligaciones derivadas de un caso fortuito o de fuerza mayor.<\/p>\n\n\n\n<p>Se consideran casos fortuitos o de fuerza mayor, adem\u00e1s de los habitualmente reconocidos por la jurisprudencia: la enfermedad o accidente de un profesor o responsable pedag\u00f3gico, las huelgas o conflictos laborales ajenos a RECONTER SA VIE, las cat\u00e1strofes naturales, los incendios, la interrupci\u00f3n de las telecomunicaciones, del suministro energ\u00e9tico o de los transportes de cualquier tipo, o cualquier otra circunstancia ajena al control razonable de RECONTER SA VIE.<\/p>\n\n\n\n<p>En este caso, RECONTER SA VIE reembolsar\u00e1 tanto a los Alumnos como a los Clientes las sumas pagadas. Tambi\u00e9n podr\u00e1 ofrecer nuevas fechas o un curso para una actividad diferente de valor equivalente, con exclusi\u00f3n de cualquier indemnizaci\u00f3n.<\/p>\n\n\n\n<p><strong>6.2.<\/strong>&nbsp;<strong>Anulaci\u00f3n por<\/strong><strong>\/el<\/strong><strong>&nbsp;<\/strong><strong>Cliente<\/strong><strong>(e)<\/strong><strong>&nbsp;o&nbsp;<\/strong><strong>el alumno<\/strong><strong>(e)<\/strong><\/p>\n\n\n\n<p>Al devolver el formulario de inscripci\u00f3n por correo, validarlo en l\u00ednea o firmar la orden de servicio, el Alumno o Cliente se compromete definitivamente. Todo m\u00f3dulo de formaci\u00f3n iniciado deber\u00e1 abonarse en su totalidad. No se realizar\u00e1 ning\u00fan reembolso si el alumno o cliente decide interrumpir el curso.<\/p>\n\n\n\n<p>Dado que los cursos se imparten en grupos reducidos, RECONTER SA VIE no puede aceptar cancelaciones sin retener una indemnizaci\u00f3n. Por lo tanto, cuando la cancelaci\u00f3n se deba \u00fanicamente a la culpa del alumno o cliente, sea cual sea la causa, RECONTER SA VIE se reserva el derecho de cobrar al alumno o cliente una tasa de cancelaci\u00f3n calculada de la siguiente manera:<\/p>\n\n\n\n<p>1. si la cancelaci\u00f3n se realiza con m\u00e1s de 30 d\u00edas laborables antes del inicio del curso: sin gastos de cancelaci\u00f3n; el importe total del curso ser\u00e1 reembolsado o transferido a otro curso de valor equivalente con el mutuo acuerdo del Cliente, el Alumno y RECONTER SA VIE ;<\/p>\n\n\n\n<p>2. si la anulaci\u00f3n se produce entre 15 y 7 d\u00edas laborables antes del inicio del curso: los gastos de anulaci\u00f3n ascienden a 60% del precio del curso, salvo que el Cliente o el Alumno acepten otro curso de valor equivalente;<\/p>\n\n\n\n<p>3. si la anulaci\u00f3n se produce menos de 7 d\u00edas laborables antes del inicio del curso: los gastos de anulaci\u00f3n ascienden a 100 % del precio del curso, a menos que el Cliente o el Alumno acepten otro curso de valor equivalente.<\/p>\n\n\n\n<h2 class=\"wp-block-heading\"><strong>ART\u00cdCULO 7 - RESPONSABILIDAD<\/strong><\/h2>\n\n\n\n<p><strong>7.1. Responsabilidad de<\/strong><strong>l alumno<\/strong><strong>(e)<\/strong><strong><\/strong><\/p>\n\n\n\n<p>Al inscribirse en el curso, el alumno reconoce que lo hace bajo su plena y entera responsabilidad.<\/p>\n\n\n\n<p><strong>7.2. Responsabilidad de&nbsp;<\/strong><strong>RECUPERA TU VIDA<\/strong><\/p>\n\n\n\n<p>RECONTER SA VIE declara haber suscrito un seguro de responsabilidad civil.<\/p>\n\n\n\n<h2 class=\"wp-block-heading\"><strong>ART\u00cdCULO 8 - PROPIEDAD INTELECTUAL Y DERECHOS DE AUTOR<\/strong><\/h2>\n\n\n\n<p>Todas las fichas de presentaci\u00f3n, contenidos y soportes did\u00e1cticos, en cualquiera de sus formas (papel, electr\u00f3nico, digital, oral, etc.), utilizados por RECONTER SA VIE para impartir la formaci\u00f3n y\/o entregados a los Alumnos constituyen obras originales y, como tales, est\u00e1n protegidas por la propiedad intelectual y los derechos de autor.<\/p>\n\n\n\n<p>A este respecto, el Cliente y el Alumno se comprometen a no utilizar, transmitir, reproducir, explotar o transformar la totalidad o parte de estos documentos sin el acuerdo expreso de RECONTER SA VIE. Esta prohibici\u00f3n se aplica en particular a cualquier uso realizado por el Cliente y el Alumno con el fin de organizar o impartir cursos de formaci\u00f3n.<\/p>\n\n\n\n<h2 class=\"wp-block-heading\"><strong>ART\u00cdCULO 9 - PROTECCI\u00d3N DE DATOS PERSONALES Y ACCESO A LOS MISMOS<\/strong><\/h2>\n\n\n\n<p><strong>9.1 Tecnolog\u00edas de la informaci\u00f3n y libertades civiles<\/strong><\/p>\n\n\n\n<p>De conformidad con la Ley francesa de protecci\u00f3n de datos de 6 de enero de 1978, se informa a cada participante de que la informaci\u00f3n facilitada en el formulario de inscripci\u00f3n o en el sitio web de RECONTER SA VIE podr\u00e1 ser tratada posteriormente de forma automatizada. Se informa al participante de que dispone de un derecho de acceso y rectificaci\u00f3n de los datos que le conciernen.<\/p>\n\n\n\n<p><strong>9.2.<\/strong>&nbsp;<strong>Derechos de imagen<\/strong><\/p>\n\n\n\n<p>El primer d\u00eda del curso se entregar\u00e1n a cada participante dos ejemplares de un certificado que autoriza o no el derecho a utilizar las im\u00e1genes. Uno de los ejemplares deber\u00e1 ser debidamente cumplimentado y firmado por el alumno y devuelto a RECONTER SA VIE.<\/p>\n\n\n\n<h2 class=\"wp-block-heading\"><strong>ART\u00cdCULO 10 - CL\u00c1USULA DE ARBITRAJE<\/strong><\/h2>\n\n\n\n<p>Las condiciones generales detalladas en este documento se rigen por la legislaci\u00f3n francesa. Cualquier litigio que pudiera surgir en relaci\u00f3n con la interpretaci\u00f3n de las presentes condiciones generales o la ejecuci\u00f3n del contrato se someter\u00e1 a arbitraje amistoso. En su defecto, el Tribunal de proximidad de Montmorency -1 place Pierre Mend\u00e8s France - 95160 MONTMORENCY ser\u00e1 el \u00fanico competente para resolver el litigio.<\/p>\n\n\n\n<p>_________________<\/p>","protected":false},"excerpt":{"rendered":"<p>PR\u00c9AMBULE RECONTER SA VIE&nbsp;est un organisme de formation sp\u00e9cialis\u00e9 dans le d\u00e9veloppement des comp\u00e9tences personnelles et sociales en utilisant le&nbsp;symbole.&nbsp;Il&nbsp;est g\u00e9r\u00e9 par&nbsp;Mme Laurence&nbsp;Ribout&nbsp;dont le si\u00e8ge social est situ\u00e9 au&nbsp;:&nbsp;17 rue Maurice Berteaux \u2013 95360 Montmagny&nbsp;(F) RECONTER SA VIE&nbsp;est enregistr\u00e9 sous le num\u00e9ro de d\u00e9claration d&rsquo;activit\u00e9 N\u00b0&nbsp;11950779395aupr\u00e8s de la DIRECCTE&nbsp;Ile-de-France. RECONTER SA VIE&nbsp;con\u00e7oit, \u00e9labore et dispense [&hellip;]<\/p>","protected":false},"author":1,"featured_media":0,"parent":0,"menu_order":0,"comment_status":"closed","ping_status":"open","template":"","meta":{"footnotes":""},"class_list":["post-1504","page","type-page","status-publish","hentry"],"blocksy_meta":[],"jetpack_sharing_enabled":true,"_links":{"self":[{"href":"https:\/\/www.recontersavie.com\/es\/wp-json\/wp\/v2\/pages\/1504","targetHints":{"allow":["GET"]}}],"collection":[{"href":"https:\/\/www.recontersavie.com\/es\/wp-json\/wp\/v2\/pages"}],"about":[{"href":"https:\/\/www.recontersavie.com\/es\/wp-json\/wp\/v2\/types\/page"}],"author":[{"embeddable":true,"href":"https:\/\/www.recontersavie.com\/es\/wp-json\/wp\/v2\/users\/1"}],"replies":[{"embeddable":true,"href":"https:\/\/www.recontersavie.com\/es\/wp-json\/wp\/v2\/comments?post=1504"}],"version-history":[{"count":3,"href":"https:\/\/www.recontersavie.com\/es\/wp-json\/wp\/v2\/pages\/1504\/revisions"}],"predecessor-version":[{"id":3732,"href":"https:\/\/www.recontersavie.com\/es\/wp-json\/wp\/v2\/pages\/1504\/revisions\/3732"}],"wp:attachment":[{"href":"https:\/\/www.recontersavie.com\/es\/wp-json\/wp\/v2\/media?parent=1504"}],"curies":[{"name":"wp","href":"https:\/\/api.w.org\/{rel}","templated":true}]}}