{"id":2300,"date":"2025-02-20T15:12:30","date_gmt":"2025-02-20T14:12:30","guid":{"rendered":"https:\/\/www.recontersavie.com\/?page_id=2300"},"modified":"2025-06-02T18:42:22","modified_gmt":"2025-06-02T16:42:22","slug":"temoignages-formations","status":"publish","type":"page","link":"https:\/\/www.recontersavie.com\/es\/temoignages-formations\/","title":{"rendered":"Testimonios Formaci\u00f3n"},"content":{"rendered":"<div data-elementor-type=\"wp-page\" data-elementor-id=\"2300\" class=\"elementor elementor-2300\">\n\t\t\t\t<div class=\"elementor-element elementor-element-cce13b7 ct-hero e-flex e-con-boxed e-con e-parent\" data-id=\"cce13b7\" data-element_type=\"container\" data-settings=\"{&quot;background_background&quot;:&quot;classic&quot;}\">\n\t\t\t\t\t<div class=\"e-con-inner\">\n\t\t\t\t<div class=\"elementor-element elementor-element-528bd0a elementor-hidden-tablet elementor-hidden-mobile elementor-widget elementor-widget-shortcode\" data-id=\"528bd0a\" data-element_type=\"widget\" data-widget_type=\"shortcode.default\">\n\t\t\t\t<div class=\"elementor-widget-container\">\n\t\t\t\t\t\t\t<div class=\"elementor-shortcode\"><\/div>\n\t\t\t\t\t\t<\/div>\n\t\t\t\t<\/div>\n\t\t\t\t<div class=\"elementor-element elementor-element-47a23b2 elementor-widget elementor-widget-heading\" data-id=\"47a23b2\" data-element_type=\"widget\" data-widget_type=\"heading.default\">\n\t\t\t\t<div class=\"elementor-widget-container\">\n\t\t\t\t\t<h2 class=\"elementor-heading-title elementor-size-default\">Testimonios<\/h2>\t\t\t\t<\/div>\n\t\t\t\t<\/div>\n\t\t\t\t\t<\/div>\n\t\t\t\t<\/div>\n\t\t<div class=\"elementor-element elementor-element-611e197 e-flex e-con-boxed e-con e-parent\" data-id=\"611e197\" data-element_type=\"container\">\n\t\t\t\t\t<div class=\"e-con-inner\">\n\t\t\t\t<div class=\"elementor-element elementor-element-3b052a2 elementor-widget elementor-widget-shortcode\" data-id=\"3b052a2\" data-element_type=\"widget\" data-widget_type=\"shortcode.default\">\n\t\t\t\t<div class=\"elementor-widget-container\">\n\t\t\t\t\t\t\t<div class=\"elementor-shortcode\"><div class=\"strong-view strong-view-id-2 default wpmtst-default slider-container slider-mode-fade slider-adaptive controls-style-buttons pager-type-full pager-style-text nav-position-outside\" data-count=\"7\" data-slider-var=\"strong_slider_id_2\" data-state=\"idle\"><div class=\"strong-content wpmslider-content\"><div class=\"wpmtst-testimonial testimonial t-slide post-2025\"><div class=\"wpmtst-testimonial-inner testimonial-inner\"><h3 class=\"wpmtst-testimonial-heading testimonial-heading\">Serge<\/h3><div data-infinite-loop=\"false\"   class=\"wpmtst-testimonial-content testimonial-content\"><div class=\"maybe-clear\"><\/div><p>Hola Kim,<br \/>\nGracias por su correo electr\u00f3nico y los archivos adjuntos.<br \/>\nMuchas gracias tambi\u00e9n por su formaci\u00f3n;<br \/>\nMe enriqueci\u00f3 mucho y el intercambio entre nosotros estuvo lleno de humanismo.<br \/>\nSaludos cordiales.<\/p><\/div><div class=\"clear\"><\/div><\/div><\/div><div class=\"wpmtst-testimonial testimonial t-slide post-2026\"><div class=\"wpmtst-testimonial-inner testimonial-inner\"><h3 class=\"wpmtst-testimonial-heading testimonial-heading\">Anne-Marie<\/h3><div data-infinite-loop=\"false\"   class=\"wpmtst-testimonial-content testimonial-content\"><div class=\"maybe-clear\"><\/div><p>S\u00ed Kim, ya lo he seguido contigo y me ha gustado mucho. La diversidad de las personas y los retos a los que se enfrentan es una rica fuente de preguntas y aprendizaje (con tu visi\u00f3n de los diferentes caminos que nos permiten progresar). Y cada vez es diferente. Me parece muy instructivo...<br \/>\nQue tenga un buen d\u00eda y hasta pronto.<\/p><\/div><div class=\"clear\"><\/div><\/div><\/div><div class=\"wpmtst-testimonial testimonial t-slide post-2027\"><div class=\"wpmtst-testimonial-inner testimonial-inner\"><h3 class=\"wpmtst-testimonial-heading testimonial-heading\">Sophie<\/h3><div data-infinite-loop=\"false\"   class=\"wpmtst-testimonial-content testimonial-content\"><div class=\"maybe-clear\"><\/div><p>Este taller es una revoluci\u00f3n para m\u00ed. Estoy muy contenta de haber decidido participar.<br \/>\nCreo que volver\u00e9 a participar, porque el arte de cuestionar, los presupuestos y el lenguaje de las zonas necesitan mucha pr\u00e1ctica antes de convertirse en un reflejo.<br \/>\nY, para m\u00ed, todos estos elementos son esenciales para el profesional del Referencial.<br \/>\nMuchas gracias a Kim por desarrollar este m\u00f3dulo.<\/p><\/div><div class=\"clear\"><\/div><\/div><\/div><div class=\"wpmtst-testimonial testimonial t-slide post-2028\"><div class=\"wpmtst-testimonial-inner testimonial-inner\"><h3 class=\"wpmtst-testimonial-heading testimonial-heading\">Christelle<\/h3><div data-infinite-loop=\"false\"   class=\"wpmtst-testimonial-content testimonial-content\"><div class=\"maybe-clear\"><\/div><p>Y por lo de ayer, gracias tambi\u00e9n. Me gust\u00f3 mucho c\u00f3mo dirigiste la reuni\u00f3n. No fue un ejercicio f\u00e1cil, con tantas expectativas diferentes por parte de los participantes. Me pareci\u00f3 que respondi\u00f3 con mucho tacto. Y fue una sesi\u00f3n muy instructiva.<\/p><\/div><div class=\"clear\"><\/div><\/div><\/div><div class=\"wpmtst-testimonial testimonial t-slide post-2029\"><div class=\"wpmtst-testimonial-inner testimonial-inner\"><h3 class=\"wpmtst-testimonial-heading testimonial-heading\">Anabelle (Costa Rica)<\/h3><div data-infinite-loop=\"false\"   class=\"wpmtst-testimonial-content testimonial-content\"><div class=\"maybe-clear\"><\/div><p>Mi querida Kim,<br \/>\nQuiero que sepas que cuando no apareces, la gente de aqu\u00ed me escribe para pedirte que vengas. Yo tambi\u00e9n lamento siempre tu ausencia, tus aportaciones son oro puro. Sinceramente, creo que deber\u00edamos hacer esta formaci\u00f3n contigo varias veces.<\/p><\/div><div class=\"clear\"><\/div><\/div><\/div><div class=\"wpmtst-testimonial testimonial t-slide post-2030\"><div class=\"wpmtst-testimonial-inner testimonial-inner\"><h3 class=\"wpmtst-testimonial-heading testimonial-heading\">Laurence<\/h3><div data-infinite-loop=\"false\"   class=\"wpmtst-testimonial-content testimonial-content\"><div class=\"maybe-clear\"><\/div><p>Querida Kim,<br \/>\nGracias por tu amable y generosa presencia, eres un gran maestro.<\/p><\/div><div class=\"clear\"><\/div><\/div><\/div><div class=\"wpmtst-testimonial testimonial t-slide post-2032\"><div class=\"wpmtst-testimonial-inner testimonial-inner\"><h3 class=\"wpmtst-testimonial-heading testimonial-heading\">Maryline<\/h3><div data-infinite-loop=\"false\"   class=\"wpmtst-testimonial-content testimonial-content\"><div class=\"maybe-clear\"><\/div><p>Durante 4 d\u00edas, particip\u00e9 en el curso de formaci\u00f3n: Formaci\u00f3n para la Consulta del Referencial de Nacimiento Escuala Latino Americana .<br \/>\nQuisiera agradecer a los Embajadores de Costa Rica, M\u00e9xico y Bogot\u00e1 su calurosa acogida.<br \/>\nGracias Esperanza Ni\u00f1o por tus traducciones y tus vivas interpretaciones.<br \/>\nUn pensamiento especial para Kim Ribout:<br \/>\nGracias por la finura de tu mente, la calidez de tus palabras y la sabidur\u00eda de tu coraz\u00f3n.<br \/>\nKim, est\u00e1s dando a esta Herramienta Humanista y a su fundador todas sus cartas de Nobleza, la que alimenta el deseo de salir al encuentro de uno mismo.<\/p><\/div><div class=\"clear\"><\/div><\/div><\/div><\/div><\/div><\/div>\n\t\t\t\t\t\t<\/div>\n\t\t\t\t<\/div>\n\t\t\t\t\t<\/div>\n\t\t\t\t<\/div>\n\t\t\t\t<\/div>","protected":false},"excerpt":{"rendered":"<p>Testimonios<\/p>","protected":false},"author":1,"featured_media":0,"parent":0,"menu_order":0,"comment_status":"closed","ping_status":"closed","template":"","meta":{"footnotes":""},"class_list":["post-2300","page","type-page","status-publish","hentry"],"blocksy_meta":{"has_hero_section":"disabled","vertical_spacing_source":"custom","content_area_spacing":"none","styles_descriptor":{"styles":{"desktop":"","tablet":"","mobile":""},"google_fonts":[],"version":6}},"jetpack_sharing_enabled":true,"_links":{"self":[{"href":"https:\/\/www.recontersavie.com\/es\/wp-json\/wp\/v2\/pages\/2300","targetHints":{"allow":["GET"]}}],"collection":[{"href":"https:\/\/www.recontersavie.com\/es\/wp-json\/wp\/v2\/pages"}],"about":[{"href":"https:\/\/www.recontersavie.com\/es\/wp-json\/wp\/v2\/types\/page"}],"author":[{"embeddable":true,"href":"https:\/\/www.recontersavie.com\/es\/wp-json\/wp\/v2\/users\/1"}],"replies":[{"embeddable":true,"href":"https:\/\/www.recontersavie.com\/es\/wp-json\/wp\/v2\/comments?post=2300"}],"version-history":[{"count":23,"href":"https:\/\/www.recontersavie.com\/es\/wp-json\/wp\/v2\/pages\/2300\/revisions"}],"predecessor-version":[{"id":4038,"href":"https:\/\/www.recontersavie.com\/es\/wp-json\/wp\/v2\/pages\/2300\/revisions\/4038"}],"wp:attachment":[{"href":"https:\/\/www.recontersavie.com\/es\/wp-json\/wp\/v2\/media?parent=2300"}],"curies":[{"name":"wp","href":"https:\/\/api.w.org\/{rel}","templated":true}]}}