{"id":3,"date":"2025-02-07T10:19:31","date_gmt":"2025-02-07T09:19:31","guid":{"rendered":"https:\/\/www.recontersavie.com\/?page_id=3"},"modified":"2025-03-07T11:11:52","modified_gmt":"2025-03-07T10:11:52","slug":"mentions-legales","status":"publish","type":"page","link":"https:\/\/www.recontersavie.com\/es\/mentions-legales\/","title":{"rendered":"Informaci\u00f3n jur\u00eddica"},"content":{"rendered":"<h3 class=\"wp-block-heading\">Persona responsable de la publicaci\u00f3n<\/h3>\n\n\n\n<p>RECUPERA TU VIDA<br>Sra. Laurence Ribout<br>Correo electr\u00f3nico : contact@recontersavie.com<br>SIRET: 11950779395<br>Declaraci\u00f3n de actividad registrada con el n\u00famero 11950779395 en la DIRECCTE Ile-de-France.<\/p>\n\n\n\n<h3 class=\"wp-block-heading\">Ilustraciones y fotos<\/h3>\n\n\n\n<p>Reconter sa vie - cualquier uso del contenido est\u00e1 prohibido sin el acuerdo del propietario<br>Freepik<br>Unsplash<\/p>\n\n\n\n<h3 class=\"wp-block-heading\">Dise\u00f1o \/ Producci\u00f3n<\/h3>\n\n\n\n<p>Estudio elises<br>Tel: (+33) 6 49 48 84 83<br>Correo electr\u00f3nico : hello@studioelises.com<\/p>\n\n\n\n<h3 class=\"wp-block-heading\">Alojamiento web<\/h3>\n\n\n\n<p>OVH<br>2 RUE KELLERMANN, 59100 ROUBAIX Francia<br>Internet: https:\/\/www.ovhcloud.com\/fr\/<\/p>\n\n\n\n<h3 class=\"wp-block-heading\">Registro de datos<\/h3>\n\n\n\n<p>La informaci\u00f3n recogida es objeto de tratamiento de datos destinados a Reconter sa vie para el correcto funcionamiento del sitio web y transacciones seguras. Los destinatarios de los datos son Reconter sa vie. Conforme a la ley \" inform\u00e1tica y libertades \" del 6 de enero de 1978 modificada en 2004, usted beneficia de un derecho de acceso y de rectificaci\u00f3n a las informaciones que le conciernen, que puede ejercer dirigi\u00e9ndose a Reconter sa vie : contact@recontersavie.com. Tambi\u00e9n puede, por motivos leg\u00edtimos, oponerse al tratamiento de los datos que le conciernen.<\/p>\n\n\n\n<h3 class=\"wp-block-heading\">Establecer una cookie<\/h3>\n\n\n\n<p>El sitio web www.recontersavie.com coloca una cookie en su ordenador durante su sesi\u00f3n. Una cookie no nos permite identificarle. En general, registra informaci\u00f3n relativa a la navegaci\u00f3n de su ordenador en nuestro sitio (las p\u00e1ginas que ha visitado, la fecha y la hora de la visita, etc.) que podremos leer en sus visitas posteriores. En este caso, contiene la informaci\u00f3n que nos acaba de facilitar. Esto significa que la pr\u00f3xima vez que visite nuestro sitio, no tendr\u00e1 que volver a rellenar el formulario. Esta informaci\u00f3n se almacena en su ordenador mientras dura su sesi\u00f3n (conexi\u00f3n al sitio). Le informamos de que puede negarse a aceptar las cookies configurando su navegador como se indica a continuaci\u00f3n (a riesgo de no poder seguir utilizando las funciones del sitio).<\/p>","protected":false},"excerpt":{"rendered":"<p>Responsable de la publication RECONTER SA VIEMme Laurence RiboutEmail :\u00a0contact@recontersavie.comSIRET : 11950779395D\u00e9claration d\u2019activit\u00e9 enregistr\u00e9e sous le num\u00e9ro 11950779395 aupr\u00e8s de la DIRECCTE Ile-de-France. Illustrations et photos \u00a9 Reconter sa vie &#8211; toute utilisation du contenu est interdite sans l&rsquo;accord du propri\u00e9taireFreepikUnsplash Conception \/ R\u00e9alisation Studio elisesTel : (+33) 6 49 48 84 83Email :&nbsp;hello@studioelises.com H\u00e9bergement [&hellip;]<\/p>","protected":false},"author":1,"featured_media":0,"parent":0,"menu_order":0,"comment_status":"closed","ping_status":"closed","template":"","meta":{"footnotes":""},"class_list":["post-3","page","type-page","status-publish","hentry"],"blocksy_meta":[],"jetpack_sharing_enabled":true,"_links":{"self":[{"href":"https:\/\/www.recontersavie.com\/es\/wp-json\/wp\/v2\/pages\/3","targetHints":{"allow":["GET"]}}],"collection":[{"href":"https:\/\/www.recontersavie.com\/es\/wp-json\/wp\/v2\/pages"}],"about":[{"href":"https:\/\/www.recontersavie.com\/es\/wp-json\/wp\/v2\/types\/page"}],"author":[{"embeddable":true,"href":"https:\/\/www.recontersavie.com\/es\/wp-json\/wp\/v2\/users\/1"}],"replies":[{"embeddable":true,"href":"https:\/\/www.recontersavie.com\/es\/wp-json\/wp\/v2\/comments?post=3"}],"version-history":[{"count":3,"href":"https:\/\/www.recontersavie.com\/es\/wp-json\/wp\/v2\/pages\/3\/revisions"}],"predecessor-version":[{"id":3018,"href":"https:\/\/www.recontersavie.com\/es\/wp-json\/wp\/v2\/pages\/3\/revisions\/3018"}],"wp:attachment":[{"href":"https:\/\/www.recontersavie.com\/es\/wp-json\/wp\/v2\/media?parent=3"}],"curies":[{"name":"wp","href":"https:\/\/api.w.org\/{rel}","templated":true}]}}