{"id":3160,"date":"2025-03-12T13:06:28","date_gmt":"2025-03-12T12:06:28","guid":{"rendered":"https:\/\/www.recontersavie.com\/?page_id=3160"},"modified":"2025-08-20T13:04:03","modified_gmt":"2025-08-20T11:04:03","slug":"calendrier-des-formations","status":"publish","type":"page","link":"https:\/\/www.recontersavie.com\/es\/calendrier-des-formations\/","title":{"rendered":"Calendario de formaci\u00f3n"},"content":{"rendered":"<div data-elementor-type=\"wp-page\" data-elementor-id=\"3160\" class=\"elementor elementor-3160\">\n\t\t\t\t<div class=\"elementor-element elementor-element-cce13b7 ct-hero e-flex e-con-boxed e-con e-parent\" data-id=\"cce13b7\" data-element_type=\"container\" data-settings=\"{&quot;background_background&quot;:&quot;classic&quot;}\">\n\t\t\t\t\t<div class=\"e-con-inner\">\n\t\t\t\t<div class=\"elementor-element elementor-element-528bd0a elementor-hidden-tablet elementor-hidden-mobile elementor-widget elementor-widget-shortcode\" data-id=\"528bd0a\" data-element_type=\"widget\" data-widget_type=\"shortcode.default\">\n\t\t\t\t<div class=\"elementor-widget-container\">\n\t\t\t\t\t\t\t<div class=\"elementor-shortcode\"><\/div>\n\t\t\t\t\t\t<\/div>\n\t\t\t\t<\/div>\n\t\t\t\t<div class=\"elementor-element elementor-element-47a23b2 elementor-widget elementor-widget-heading\" data-id=\"47a23b2\" data-element_type=\"widget\" data-widget_type=\"heading.default\">\n\t\t\t\t<div class=\"elementor-widget-container\">\n\t\t\t\t\t<h2 class=\"elementor-heading-title elementor-size-default\">Calendario de formaci\u00f3n<\/h2>\t\t\t\t<\/div>\n\t\t\t\t<\/div>\n\t\t\t\t\t<\/div>\n\t\t\t\t<\/div>\n\t\t<div class=\"elementor-element elementor-element-46002f4 e-flex e-con-boxed e-con e-parent\" data-id=\"46002f4\" data-element_type=\"container\">\n\t\t\t\t\t<div class=\"e-con-inner\">\n\t\t<div class=\"elementor-element elementor-element-8ee62eb e-con-full e-flex e-con e-child\" data-id=\"8ee62eb\" data-element_type=\"container\">\n\t\t<div class=\"elementor-element elementor-element-b5444a1 e-con-full e-flex e-con e-child\" data-id=\"b5444a1\" data-element_type=\"container\" data-settings=\"{&quot;background_background&quot;:&quot;classic&quot;}\">\n\t\t\t\t<\/div>\n\t\t<div class=\"elementor-element elementor-element-32d0a50 e-con-full e-flex e-con e-child\" data-id=\"32d0a50\" data-element_type=\"container\">\n\t\t\t\t<div class=\"elementor-element elementor-element-6810b7b elementor-widget elementor-widget-text-editor\" data-id=\"6810b7b\" data-element_type=\"widget\" data-widget_type=\"text-editor.default\">\n\t\t\t\t<div class=\"elementor-widget-container\">\n\t\t\t\t\t\t\t\t\t<p class=\"p1\">V\u00eda profesional<\/p>\t\t\t\t\t\t\t\t<\/div>\n\t\t\t\t<\/div>\n\t\t\t\t<\/div>\n\t\t\t\t<\/div>\n\t\t<div class=\"elementor-element elementor-element-2bd019f e-con-full e-flex e-con e-child\" data-id=\"2bd019f\" data-element_type=\"container\">\n\t\t<div class=\"elementor-element elementor-element-b5d6397 e-con-full e-flex e-con e-child\" data-id=\"b5d6397\" data-element_type=\"container\" data-settings=\"{&quot;background_background&quot;:&quot;classic&quot;}\">\n\t\t\t\t<\/div>\n\t\t<div class=\"elementor-element elementor-element-f11330d e-con-full e-flex e-con e-child\" data-id=\"f11330d\" data-element_type=\"container\">\n\t\t\t\t<div class=\"elementor-element elementor-element-cf0ce91 elementor-widget elementor-widget-text-editor\" data-id=\"cf0ce91\" data-element_type=\"widget\" data-widget_type=\"text-editor.default\">\n\t\t\t\t<div class=\"elementor-widget-container\">\n\t\t\t\t\t\t\t\t\t<p class=\"p1\">Curso de formaci\u00f3n<\/p>\t\t\t\t\t\t\t\t<\/div>\n\t\t\t\t<\/div>\n\t\t\t\t<\/div>\n\t\t\t\t<\/div>\n\t\t<div class=\"elementor-element elementor-element-c2d5c7b e-con-full e-flex e-con e-child\" data-id=\"c2d5c7b\" data-element_type=\"container\">\n\t\t<div class=\"elementor-element elementor-element-3fb7b8d e-con-full e-flex e-con e-child\" data-id=\"3fb7b8d\" data-element_type=\"container\" data-settings=\"{&quot;background_background&quot;:&quot;classic&quot;}\">\n\t\t\t\t<\/div>\n\t\t<div class=\"elementor-element elementor-element-a9f748a e-con-full e-flex e-con e-child\" data-id=\"a9f748a\" data-element_type=\"container\">\n\t\t\t\t<div class=\"elementor-element elementor-element-99d7f81 elementor-widget elementor-widget-text-editor\" data-id=\"99d7f81\" data-element_type=\"widget\" data-widget_type=\"text-editor.default\">\n\t\t\t\t<div class=\"elementor-widget-container\">\n\t\t\t\t\t\t\t\t\t<p class=\"p1\">Cursos y talleres tem\u00e1ticos<\/p>\t\t\t\t\t\t\t\t<\/div>\n\t\t\t\t<\/div>\n\t\t\t\t<\/div>\n\t\t\t\t<\/div>\n\t\t<div class=\"elementor-element elementor-element-d894a72 e-con-full e-flex e-con e-child\" data-id=\"d894a72\" data-element_type=\"container\">\n\t\t<div class=\"elementor-element elementor-element-04215b7 e-con-full e-flex e-con e-child\" data-id=\"04215b7\" data-element_type=\"container\" data-settings=\"{&quot;background_background&quot;:&quot;classic&quot;}\">\n\t\t\t\t<\/div>\n\t\t<div class=\"elementor-element elementor-element-3b3f57c e-con-full e-flex e-con e-child\" data-id=\"3b3f57c\" data-element_type=\"container\">\n\t\t\t\t<div class=\"elementor-element elementor-element-b5881b1 elementor-widget elementor-widget-text-editor\" data-id=\"b5881b1\" data-element_type=\"widget\" data-widget_type=\"text-editor.default\">\n\t\t\t\t<div class=\"elementor-widget-container\">\n\t\t\t\t\t\t\t\t\t<p>Formaci\u00f3n en profundidad Referencial<\/p>\t\t\t\t\t\t\t\t<\/div>\n\t\t\t\t<\/div>\n\t\t\t\t<\/div>\n\t\t\t\t<\/div>\n\t\t\t\t\t<\/div>\n\t\t\t\t<\/div>\n\t\t<div class=\"elementor-element elementor-element-dcfcf04 e-flex e-con-boxed e-con e-parent\" data-id=\"dcfcf04\" data-element_type=\"container\">\n\t\t\t\t\t<div class=\"e-con-inner\">\n\t\t\t\t<div class=\"elementor-element elementor-element-7247709 elementor-widget elementor-widget-html\" data-id=\"7247709\" data-element_type=\"widget\" data-widget_type=\"html.default\">\n\t\t\t\t<div class=\"elementor-widget-container\">\n\t\t\t\t\t<!-- Elfsight Event Calendar | Untitled Event Calendar -->\n\n<script src=\"https:\/\/static.elfsight.com\/platform\/platform.js\" async><\/script>\n<div class=\"elfsight-app-d6e1cbb2-f841-443a-922e-a55df26b5996\" data-elfsight-app-lazy><\/div>\t\t\t\t<\/div>\n\t\t\t\t<\/div>\n\t\t\t\t\t<\/div>\n\t\t\t\t<\/div>\n\t\t<div class=\"elementor-element elementor-element-c635e76 e-flex e-con-boxed e-con e-parent\" data-id=\"c635e76\" data-element_type=\"container\">\n\t\t\t\t\t<div class=\"e-con-inner\">\n\t\t\t\t<div class=\"elementor-element elementor-element-a52769b elementor-widget elementor-widget-html\" data-id=\"a52769b\" data-element_type=\"widget\" data-widget_type=\"html.default\">\n\t\t\t\t<div class=\"elementor-widget-container\">\n\t\t\t\t\t<script src=\"https:\/\/static.elfsight.com\/platform\/platform.js\" data-use-service-core async><\/script>\n<div class=\"elfsight-app-d6e1cbb2-f841-443a-922e-a55df26b5996\" data-elfsight-app-lazy data-elfsight-app-layout=\"list\"><\/div>\t\t\t\t<\/div>\n\t\t\t\t<\/div>\n\t\t\t\t\t<\/div>\n\t\t\t\t<\/div>\n\t\t\t\t<\/div>","protected":false},"excerpt":{"rendered":"<p>Calendrier des formations Parcours praticien Parcours formateur Stages et ateliers th\u00e9matiques Stages approfondissement R\u00e9f\u00e9rentiel<\/p>","protected":false},"author":1,"featured_media":0,"parent":0,"menu_order":0,"comment_status":"closed","ping_status":"closed","template":"","meta":{"footnotes":""},"class_list":["post-3160","page","type-page","status-publish","hentry"],"blocksy_meta":{"has_hero_section":"disabled","vertical_spacing_source":"custom","content_area_spacing":"none","styles_descriptor":{"styles":{"desktop":"","tablet":"","mobile":""},"google_fonts":[],"version":6}},"jetpack_sharing_enabled":true,"_links":{"self":[{"href":"https:\/\/www.recontersavie.com\/es\/wp-json\/wp\/v2\/pages\/3160","targetHints":{"allow":["GET"]}}],"collection":[{"href":"https:\/\/www.recontersavie.com\/es\/wp-json\/wp\/v2\/pages"}],"about":[{"href":"https:\/\/www.recontersavie.com\/es\/wp-json\/wp\/v2\/types\/page"}],"author":[{"embeddable":true,"href":"https:\/\/www.recontersavie.com\/es\/wp-json\/wp\/v2\/users\/1"}],"replies":[{"embeddable":true,"href":"https:\/\/www.recontersavie.com\/es\/wp-json\/wp\/v2\/comments?post=3160"}],"version-history":[{"count":64,"href":"https:\/\/www.recontersavie.com\/es\/wp-json\/wp\/v2\/pages\/3160\/revisions"}],"predecessor-version":[{"id":4445,"href":"https:\/\/www.recontersavie.com\/es\/wp-json\/wp\/v2\/pages\/3160\/revisions\/4445"}],"wp:attachment":[{"href":"https:\/\/www.recontersavie.com\/es\/wp-json\/wp\/v2\/media?parent=3160"}],"curies":[{"name":"wp","href":"https:\/\/api.w.org\/{rel}","templated":true}]}}