{"id":3673,"date":"2025-05-14T11:10:57","date_gmt":"2025-05-14T09:10:57","guid":{"rendered":"https:\/\/www.recontersavie.com\/?page_id=3673"},"modified":"2025-05-15T13:59:42","modified_gmt":"2025-05-15T11:59:42","slug":"politique-de-confidentialite","status":"publish","type":"page","link":"https:\/\/www.recontersavie.com\/es\/politique-de-confidentialite\/","title":{"rendered":"Pol\u00edtica de privacidad"},"content":{"rendered":"<p>En el marco de sus actividades, el organismo de formaci\u00f3n Reconter sa vie (en lo sucesivo, \"OF\"), como responsable del tratamiento en el sentido del art\u00edculo 4.7 del RGPD, recoge y trata datos personales en el marco del funcionamiento de su sitio web www.recontersavie.com.<\/p>\n\n\n\n<p>El \"OF\" se compromete a que la recopilaci\u00f3n y el tratamiento de los datos personales sean conformes con el Reglamento General de Protecci\u00f3n de Datos 2016\/679, con la Ley n.\u00ba 78-17 de 6 de enero de 1978 relativa a la inform\u00e1tica, los archivos y las libertades, en su versi\u00f3n modificada, conocida como \"Loi Informatique et Libert\u00e9s\", y con cualquier normativa que los complete o sustituya.<\/p>\n\n\n\n<h2 class=\"wp-block-heading\"><strong>Por qu\u00e9 recogemos sus datos<\/strong><strong>&nbsp;<\/strong><strong>?<\/strong><\/h2>\n\n\n\n<p>Los datos que le conciernen, recogidos en el marco de una solicitud de informaci\u00f3n o de una solicitud de formaci\u00f3n a la \"OF\", son objeto de un tratamiento informatizado bajo la responsabilidad de la \"OF\":<\/p>\n\n\n\n<p><strong>Reconter<\/strong><strong>&nbsp;su vida<\/strong><\/p>\n\n\n\n<p>Declaraci\u00f3n de actividad registrada con el n\u00famero 11950779395&nbsp;<\/p>\n\n\n\n<p>de DIRECCTE Ile-de-France.<\/p>\n\n\n\n<p>SIRET: 11950779395<\/p>\n\n\n\n<p>con domicilio social en: 17 rue Maurice Berteaux - 95360 Montmagny (F).<\/p>\n\n\n\n<p>El tratamiento de estos datos tiene como finalidad la gesti\u00f3n y el seguimiento de nuestros cursos de formaci\u00f3n, la gesti\u00f3n y el seguimiento de las relaciones con los clientes y el env\u00edo de noticias u ofertas personalizadas. El tratamiento se basa exclusivamente en su consentimiento, que puede retirar en cualquier momento.<\/p>\n\n\n\n<p>Tenga en cuenta que sus datos tambi\u00e9n podr\u00e1n ser tratados con fines estad\u00edsticos.<\/p>\n\n\n\n<h2 class=\"wp-block-heading\"><strong>\u00bfCu\u00e1nto tiempo conservamos sus datos?<\/strong><strong>&nbsp;<\/strong><strong>?<\/strong><\/h2>\n\n\n\n<p>Los datos relativos a las solicitudes de informaci\u00f3n, comercializaci\u00f3n y seguimiento de un curso de formaci\u00f3n se conservan durante un periodo de cinco a\u00f1os a partir del \u00faltimo contacto entre la \"OF\" o cualquier representante de la \"OF\" y usted.<\/p>\n\n\n\n<p>Los datos de compra, como las facturas, se conservan durante un periodo de cinco a\u00f1os a partir del fin de nuestra colaboraci\u00f3n.<\/p>\n\n\n\n<h2 class=\"wp-block-heading\"><strong>A qui\u00e9n van dirigidos sus datos<\/strong><strong>&nbsp;<\/strong><strong>?<\/strong><\/h2>\n\n\n\n<p>Los destinatarios de sus datos son: el equipo administrativo y pedag\u00f3gico de la \"OF\" y los prestatarios de servicios autorizados a tratar sus datos \u00fanicamente por cuenta de la \"OF\". La \"OF\" se compromete a no comunicar nunca sus datos personales a terceros asociados.<\/p>\n\n\n\n<h2 class=\"wp-block-heading\"><strong>C\u00f3mo protegemos sus datos<\/strong><strong>&nbsp;<\/strong><strong>?<\/strong><\/h2>\n\n\n\n<p>Tomamos todas las precauciones necesarias para proteger la seguridad y confidencialidad de sus datos, en particular para evitar que terceros no autorizados los distorsionen, da\u00f1en, divulguen o accedan a ellos.<\/p>\n\n\n\n<h2 class=\"wp-block-heading\"><strong>Seguridad de sus datos<\/strong><strong>&nbsp;<\/strong><strong>:<\/strong><\/h2>\n\n\n\n<p>Todas las p\u00e1ginas del sitio&nbsp;<a href=\"http:\/\/www.recontersavie.com\/es\/\">www.recontersavie.com<\/a>&nbsp;en las que se le pide que comunique datos personales son seguras y est\u00e1n en https.<\/p>\n\n\n\n<h2 class=\"wp-block-heading\"><strong>Seguridad de los datos transmitidos a nuestros proveedores de servicios externos.<\/strong><\/h2>\n\n\n\n<p>Siempre seleccionamos a nuestros proveedores de servicios externos con la m\u00e1xima vigilancia y concedemos gran importancia a la forma en que se protegen sus datos. Estos proveedores de servicios s\u00f3lo act\u00faan siguiendo instrucciones de la \"OF\" y en ning\u00fan momento utilizan sus datos para fines distintos de la prestaci\u00f3n de los servicios que les encomendamos. Se celebra sistem\u00e1ticamente un contrato entre la \"OF\" y los proveedores de servicios seleccionados en el que solicitamos que se apliquen las medidas t\u00e9cnicas, f\u00edsicas, l\u00f3gicas y organizativas adecuadas para garantizar la confidencialidad y la seguridad de los datos personales tratados y evitar as\u00ed que terceros no autorizados los distorsionen, da\u00f1en o accedan a ellos.<\/p>\n\n\n\n<h2 class=\"wp-block-heading\"><strong>C\u00f3mo acceder a sus datos personales, rectificarlos o suprimirlos<\/strong><strong>&nbsp;<\/strong><strong>?<\/strong><\/h2>\n\n\n\n<p>De acuerdo con la normativa europea sobre protecci\u00f3n de datos personales, usted tiene derecho a acceder, rectificar, impugnar y suprimir sus datos personales.<\/p>\n\n\n\n<p>Puede ejercer sus derechos en cualquier momento enviando una solicitud por escrito junto con una prueba de identidad por v\u00eda electr\u00f3nica a contact@recontersavie.com o por correo postal a :<\/p>\n\n\n\n<p>Laurence RIBOUT - 17 rue Maurice Berteaux - 9560 Montmagny (F).<\/p>\n\n\n\n<h2 class=\"wp-block-heading\"><strong>\u00bfQu\u00e9 es una galleta?<\/strong><\/h2>\n\n\n\n<p>Una cookie es un fragmento de informaci\u00f3n colocado en el disco duro de un usuario de Internet por el servidor del sitio que est\u00e1 visitando. Contiene varios datos: el nombre del servidor que la ha colocado, un identificador en forma de n\u00famero \u00fanico y, eventualmente, una fecha de caducidad. Esta informaci\u00f3n, que no permite identificar al usuario, se almacena a veces en el ordenador en un simple archivo de texto al que accede un servidor para leer y registrar informaci\u00f3n. Puede recopilarse a trav\u00e9s de cookies u otros dispositivos similares. A efectos de la presente pol\u00edtica, todos estos dispositivos se denominar\u00e1n \"cookies\", independientemente de que se coloquen o no en su disco duro.<\/p>\n\n\n\n<h2 class=\"wp-block-heading\"><strong>Desinstalar&nbsp;<\/strong><strong>galletas<\/strong><strong>&nbsp;<\/strong><strong>:<\/strong><\/h2>\n\n\n\n<p>-&nbsp;<strong>Internet Explorer<\/strong>&nbsp;Haga clic en la pesta\u00f1a Herramientas (icono en forma de engranaje arriba a la derecha) \/ Opciones de Internet. Pulsa en&nbsp;<em>Confidencialidad<\/em>&nbsp;y elija&nbsp;<em>Bloquear todas las cookies<\/em>. Confirmar con&nbsp;<em>Ok<\/em>.<\/p>\n\n\n\n<p>-&nbsp;<strong>Firefox<\/strong>&nbsp;En la parte superior de la ventana del navegador, haga clic en el bot\u00f3n Firefox y, a continuaci\u00f3n, vaya a la pesta\u00f1a&nbsp;<em>Opciones<\/em>. Haga clic en el bot\u00f3n&nbsp;<em>Pol\u00edtica de privacidad<\/em>. Establezca las reglas de retenci\u00f3n en: utilizar ajustes personalizados para el historial. Por \u00faltimo, desmarca para desactivar las cookies.<\/p>\n\n\n\n<p>-&nbsp;<strong>Bajo Cromo<\/strong>&nbsp;Haga clic en el icono de men\u00fa (simbolizado por tres l\u00edneas horizontales) situado en la parte superior derecha del navegador. Seleccione&nbsp;<em>Par\u00e1metros<\/em>. Haga clic en&nbsp;<em>Mostrar configuraci\u00f3n avanzada<\/em>. En la secci\u00f3n \"Confidencialidad\", haga clic en&nbsp;<em>P<\/em><em>referencias<\/em>. En la pesta\u00f1a \"Confidencialidad\", puede bloquear las cookies.<\/p>\n\n\n\n<h2 class=\"wp-block-heading\"><strong>\u00bfQu\u00e9 cookies se utilizan en nuestro sitio web y para qu\u00e9 sirven?<\/strong><strong>&nbsp;<\/strong><strong>?<\/strong><\/h2>\n\n\n\n<p>Se han identificado cuatro categor\u00edas de cookies para que la informaci\u00f3n sobre cookies sea lo m\u00e1s clara posible en esta pol\u00edtica:<\/p>\n\n\n\n<p>-&nbsp;<strong>Cookies t\u00e9cnicas<\/strong>&nbsp;Estas cookies le permiten moverse por el sitio web y utilizar sus funciones.<\/p>\n\n\n\n<p>-&nbsp;<strong>Cookies funcionales<\/strong>&nbsp;Cookies: Estas cookies nos permiten recordar sus preferencias en el sitio. Esto puede implicar guardar sus datos de acceso para que pueda seguir conectado la pr\u00f3xima vez que nos visite. Su finalidad es mejorar el funcionamiento del sitio y simplificar su experiencia como cliente.<\/p>\n\n\n\n<p>-&nbsp;<strong>Cookies de medici\u00f3n de audiencia<\/strong>&nbsp;Cookies: estas cookies nos permiten analizar sus h\u00e1bitos de navegaci\u00f3n, elaborar estad\u00edsticas y medir la audiencia y el tr\u00e1fico de nuestro sitio web.<\/p>\n\n\n\n<p>-&nbsp;<strong>Cookies de redes sociales<\/strong>&nbsp;Redes sociales: estas cookies le permiten compartir el contenido de nuestro sitio con otras personas o dar a conocer a estas otras personas su visita o su opini\u00f3n. Estas redes sociales pueden recoger datos relativos a su navegaci\u00f3n en nuestro sitio y asociarlos a los datos personales que poseen. Nosotros no gestionamos los datos recogidos por estos terceros. Le invitamos a consultar las pol\u00edticas de protecci\u00f3n de la vida privada de estas redes sociales para saber c\u00f3mo se utiliza la informaci\u00f3n de navegaci\u00f3n que pueden recopilar a trav\u00e9s de estos botones de aplicaci\u00f3n. Estas pol\u00edticas de protecci\u00f3n deber\u00edan permitirle ejercer sus opciones con respecto a estas redes sociales, en particular mediante la configuraci\u00f3n de sus cuentas de usuario para cada una de estas redes. Para conocer las pol\u00edticas de protecci\u00f3n de la vida privada de las redes sociales mencionadas, haga clic en el nombre de la red social de su elecci\u00f3n:<\/p>\n\n\n\n<p>- Facebook :&nbsp;<a href=\"https:\/\/www.facebook.com\/help\/cookies\">https:\/\/www.facebook.com\/help\/cookies<\/a><\/p>\n\n\n\n<p>- Twitter :&nbsp;<a href=\"https:\/\/twitter.com\/privacy\">https:\/\/twitter.com\/privacy<\/a><\/p>\n\n\n\n<h2 class=\"wp-block-heading\"><strong>Contenido incrustado de otros sitios<\/strong><\/h2>\n\n\n\n<p>Las p\u00e1ginas o art\u00edculos de este sitio pueden incluir contenidos incrustados, como v\u00eddeos, im\u00e1genes o art\u00edculos. El contenido incrustado de otros sitios se comporta de la misma manera que si el visitante estuviera visitando ese otro sitio.<\/p>\n\n\n\n<p>Estos sitios web pueden recopilar datos sobre usted, utilizar cookies, incrustar herramientas de seguimiento de terceros y rastrear sus interacciones con este contenido incrustado si tiene una cuenta conectada a su sitio web.<\/p>\n\n\n\n<p>_____________________<\/p>","protected":false},"excerpt":{"rendered":"<p>En el marco de sus actividades, el organismo de formaci\u00f3n Reconter sa vie (en lo sucesivo, \u2019OF\u00ab), como responsable del tratamiento de datos en el sentido del art\u00edculo 4.7 del RGPD, debe recoger y tratar datos personales en el marco del funcionamiento de su sitio web www.recontersavie.com. El \u00bbOF\u2019 se compromete a garantizar que la recogida y el tratamiento de datos personales [...]<\/p>","protected":false},"author":1,"featured_media":0,"parent":0,"menu_order":0,"comment_status":"closed","ping_status":"closed","template":"","meta":{"footnotes":""},"class_list":["post-3673","page","type-page","status-publish","hentry"],"blocksy_meta":[],"jetpack_sharing_enabled":true,"_links":{"self":[{"href":"https:\/\/www.recontersavie.com\/es\/wp-json\/wp\/v2\/pages\/3673","targetHints":{"allow":["GET"]}}],"collection":[{"href":"https:\/\/www.recontersavie.com\/es\/wp-json\/wp\/v2\/pages"}],"about":[{"href":"https:\/\/www.recontersavie.com\/es\/wp-json\/wp\/v2\/types\/page"}],"author":[{"embeddable":true,"href":"https:\/\/www.recontersavie.com\/es\/wp-json\/wp\/v2\/users\/1"}],"replies":[{"embeddable":true,"href":"https:\/\/www.recontersavie.com\/es\/wp-json\/wp\/v2\/comments?post=3673"}],"version-history":[{"count":3,"href":"https:\/\/www.recontersavie.com\/es\/wp-json\/wp\/v2\/pages\/3673\/revisions"}],"predecessor-version":[{"id":3735,"href":"https:\/\/www.recontersavie.com\/es\/wp-json\/wp\/v2\/pages\/3673\/revisions\/3735"}],"wp:attachment":[{"href":"https:\/\/www.recontersavie.com\/es\/wp-json\/wp\/v2\/media?parent=3673"}],"curies":[{"name":"wp","href":"https:\/\/api.w.org\/{rel}","templated":true}]}}